{"id":797,"date":"2020-05-18T10:07:25","date_gmt":"2020-05-18T10:07:25","guid":{"rendered":"https:\/\/echotangozulu.com\/?post_type=product&#038;p=797"},"modified":"2022-05-26T07:07:11","modified_gmt":"2022-05-26T07:07:11","slug":"outdoorexperience","status":"publish","type":"product","link":"https:\/\/echotangozulu.com\/en\/booking\/outdoorexperience\/","title":{"rendered":"24h Outdoor Experience"},"content":{"rendered":"<p>In diesen intensiven 24 Stunden entdeckst du, ob du hast was es braucht, um in der Wildnis zu \u00fcberleben. Wir helfen dir dabei deine F\u00e4higkeiten auszubauen und ein gro\u00dfartiges Abenteuer zu erleben, das du nie vergessen wirst. Unter Anleitung von hochqualifizierten Trainern baust du Notunterk\u00fcnfte, hantierst sicher mit einem Messer, entfachst ein Feuer ohne Streichh\u00f6lzer, navigierst durch das Gel\u00e4nde, \u00fcberwindest Hindernisse etc. Diese 24h werden dir k\u00f6rperliche und mentale St\u00e4rke abverlangen und dich aus der Komfortzone holen.<\/p>\n<p>Und niemals vergessen &#8211; NEVER GIVE UP<\/p>","protected":false},"excerpt":{"rendered":"<p>In diesen intensiven 24 Stunden entdeckst du, ob du hast was es braucht, um in der Wildnis zu \u00fcberleben. Wir helfen dir dabei deine F\u00e4higkeiten auszubauen und ein gro\u00dfartiges Abenteuer zu erleben, das du nie vergessen wirst. Unter Anleitung von hochqualifizierten Trainern baust du Notunterk\u00fcnfte, hantierst sicher mit einem Messer, entfachst ein Feuer ohne Streichh\u00f6lzer, &hellip;<\/p>\n<p class=\"read-more\"> <a class=\"\" href=\"https:\/\/echotangozulu.com\/en\/booking\/outdoorexperience\/\"> <span class=\"screen-reader-text\">24h Outdoor Experience<\/span> Read More &raquo;<\/a><\/p>","protected":false},"featured_media":0,"comment_status":"open","ping_status":"closed","template":"","meta":{"site-sidebar-layout":"no-sidebar","site-content-layout":"default","ast-site-content-layout":"","site-content-style":"default","site-sidebar-style":"default","ast-global-header-display":"","ast-banner-title-visibility":"","ast-main-header-display":"","ast-hfb-above-header-display":"","ast-hfb-below-header-display":"","ast-hfb-mobile-header-display":"","site-post-title":"","ast-breadcrumbs-content":"","ast-featured-img":"","footer-sml-layout":"","theme-transparent-header-meta":"default","adv-header-id-meta":"","stick-header-meta":"","header-above-stick-meta":"","header-main-stick-meta":"","header-below-stick-meta":"","astra-migrate-meta-layouts":"","ast-page-background-enabled":"default","ast-page-background-meta":{"desktop":{"background-color":"","background-image":"","background-repeat":"repeat","background-position":"center center","background-size":"auto","background-attachment":"scroll","background-type":"","background-media":"","overlay-type":"","overlay-color":"","overlay-gradient":""},"tablet":{"background-color":"","background-image":"","background-repeat":"repeat","background-position":"center center","background-size":"auto","background-attachment":"scroll","background-type":"","background-media":"","overlay-type":"","overlay-color":"","overlay-gradient":""},"mobile":{"background-color":"","background-image":"","background-repeat":"repeat","background-position":"center center","background-size":"auto","background-attachment":"scroll","background-type":"","background-media":"","overlay-type":"","overlay-color":"","overlay-gradient":""}},"ast-content-background-meta":{"desktop":{"background-color":"var(--ast-global-color-5)","background-image":"","background-repeat":"repeat","background-position":"center center","background-size":"auto","background-attachment":"scroll","background-type":"","background-media":"","overlay-type":"","overlay-color":"","overlay-gradient":""},"tablet":{"background-color":"var(--ast-global-color-5)","background-image":"","background-repeat":"repeat","background-position":"center center","background-size":"auto","background-attachment":"scroll","background-type":"","background-media":"","overlay-type":"","overlay-color":"","overlay-gradient":""},"mobile":{"background-color":"var(--ast-global-color-5)","background-image":"","background-repeat":"repeat","background-position":"center center","background-size":"auto","background-attachment":"scroll","background-type":"","background-media":"","overlay-type":"","overlay-color":"","overlay-gradient":""}}},"product_cat":[20],"product_tag":[],"class_list":["post-797","product","type-product","status-publish","hentry","product_cat-24-hour","align-left","box-shadow-0","box-shadow-0-hover","ast-product-gallery-layout-horizontal","ast-product-gallery-with-no-image","ast-product-tabs-layout-horizontal"],"_links":{"self":[{"href":"https:\/\/echotangozulu.com\/en\/wp-json\/wp\/v2\/product\/797","targetHints":{"allow":["GET"]}}],"collection":[{"href":"https:\/\/echotangozulu.com\/en\/wp-json\/wp\/v2\/product"}],"about":[{"href":"https:\/\/echotangozulu.com\/en\/wp-json\/wp\/v2\/types\/product"}],"replies":[{"embeddable":true,"href":"https:\/\/echotangozulu.com\/en\/wp-json\/wp\/v2\/comments?post=797"}],"wp:attachment":[{"href":"https:\/\/echotangozulu.com\/en\/wp-json\/wp\/v2\/media?parent=797"}],"wp:term":[{"taxonomy":"product_cat","embeddable":true,"href":"https:\/\/echotangozulu.com\/en\/wp-json\/wp\/v2\/product_cat?post=797"},{"taxonomy":"product_tag","embeddable":true,"href":"https:\/\/echotangozulu.com\/en\/wp-json\/wp\/v2\/product_tag?post=797"}],"curies":[{"name":"wp","href":"https:\/\/api.w.org\/{rel}","templated":true}]}}