{"id":12,"date":"2018-11-27T09:17:08","date_gmt":"2018-11-27T09:17:08","guid":{"rendered":"https:\/\/websitedemos.net\/discover-outdoors\/?page_id=5"},"modified":"2023-12-06T14:03:10","modified_gmt":"2023-12-06T14:03:10","slug":"about","status":"publish","type":"page","link":"https:\/\/echotangozulu.com\/en\/about\/","title":{"rendered":"Team"},"content":{"rendered":"<div data-elementor-type=\"wp-post\" data-elementor-id=\"12\" class=\"elementor elementor-12\" data-elementor-post-type=\"page\">\n\t\t\t\t\t\t<section class=\"elementor-section elementor-top-section elementor-element elementor-element-d7d8b56 elementor-section-boxed elementor-section-height-default elementor-section-height-default\" data-id=\"d7d8b56\" data-element_type=\"section\" data-settings=\"{&quot;background_background&quot;:&quot;classic&quot;}\">\n\t\t\t\t\t\t\t<div class=\"elementor-background-overlay\"><\/div>\n\t\t\t\t\t\t\t<div class=\"elementor-container elementor-column-gap-default\">\n\t\t\t\t\t<div class=\"elementor-column elementor-col-33 elementor-top-column elementor-element elementor-element-b3d335b\" data-id=\"b3d335b\" data-element_type=\"column\">\n\t\t\t<div class=\"elementor-widget-wrap\">\n\t\t\t\t\t\t\t<\/div>\n\t\t<\/div>\n\t\t\t\t<div class=\"elementor-column elementor-col-33 elementor-top-column elementor-element elementor-element-fd69444\" data-id=\"fd69444\" data-element_type=\"column\">\n\t\t\t<div class=\"elementor-widget-wrap elementor-element-populated\">\n\t\t\t\t\t\t<div class=\"elementor-element elementor-element-abcc2f2 elementor-widget elementor-widget-heading\" data-id=\"abcc2f2\" data-element_type=\"widget\" data-widget_type=\"heading.default\">\n\t\t\t\t<div class=\"elementor-widget-container\">\n\t\t\t<h1 class=\"elementor-heading-title elementor-size-default\">Our Team<\/h1>\t\t<\/div>\n\t\t\t\t<\/div>\n\t\t\t\t\t<\/div>\n\t\t<\/div>\n\t\t\t\t<div class=\"elementor-column elementor-col-33 elementor-top-column elementor-element elementor-element-674669b\" data-id=\"674669b\" data-element_type=\"column\">\n\t\t\t<div class=\"elementor-widget-wrap\">\n\t\t\t\t\t\t\t<\/div>\n\t\t<\/div>\n\t\t\t\t\t<\/div>\n\t\t<\/section>\n\t\t\t\t<section class=\"elementor-section elementor-top-section elementor-element elementor-element-ba3915d elementor-section-boxed elementor-section-height-default elementor-section-height-default\" data-id=\"ba3915d\" data-element_type=\"section\">\n\t\t\t\t\t\t<div class=\"elementor-container elementor-column-gap-default\">\n\t\t\t\t\t<div class=\"elementor-column elementor-col-100 elementor-top-column elementor-element elementor-element-679c79c\" data-id=\"679c79c\" data-element_type=\"column\">\n\t\t\t<div class=\"elementor-widget-wrap elementor-element-populated\">\n\t\t\t\t\t\t<div class=\"elementor-element elementor-element-3db0f2f elementor-widget elementor-widget-text-editor\" data-id=\"3db0f2f\" data-element_type=\"widget\" data-widget_type=\"text-editor.default\">\n\t\t\t\t<div class=\"elementor-widget-container\">\n\t\t\t\t\t\t\t<p>EchoTangoZulu ist unser Instrument um Primal Leadership<b>\u00a0<\/b><span style=\"font-weight: 400;\">to the world.  It fulfills us to witness our customers evolving, growing, celebrating successes, and tapping into their potential. To achieve this, we invest 100% positive energy into every training. Our team is as diverse as our clients. We integrate individual strengths into a unique EchoTangoZulu team.<\/span><\/p>\t\t\t\t\t\t<\/div>\n\t\t\t\t<\/div>\n\t\t\t\t\t<\/div>\n\t\t<\/div>\n\t\t\t\t\t<\/div>\n\t\t<\/section>\n\t\t\t\t<section class=\"elementor-section elementor-top-section elementor-element elementor-element-1718d64 elementor-section-content-top elementor-section-boxed elementor-section-height-default elementor-section-height-default\" data-id=\"1718d64\" data-element_type=\"section\">\n\t\t\t\t\t\t<div class=\"elementor-container elementor-column-gap-wide\">\n\t\t\t\t\t<div class=\"elementor-column elementor-col-33 elementor-top-column elementor-element elementor-element-110e765\" data-id=\"110e765\" data-element_type=\"column\">\n\t\t\t<div class=\"elementor-widget-wrap elementor-element-populated\">\n\t\t\t\t\t\t<div class=\"elementor-element elementor-element-4522dd85 elementor-widget elementor-widget-premium-addon-banner\" data-id=\"4522dd85\" data-element_type=\"widget\" data-widget_type=\"premium-addon-banner.default\">\n\t\t\t\t<div class=\"elementor-widget-container\">\n\t\t\t\t\t<div class=\"premium-banner-ib premium-banner-min-height premium-banner-animation5 none\">\r\n\t\t\t\t\t\t\t\t\t\t<img fetchpriority=\"high\" decoding=\"async\" width=\"1024\" height=\"682\" src=\"https:\/\/echotangozulu.com\/wp-content\/uploads\/2023\/12\/STE6168-2-1024x682.jpg\" class=\"attachment-large size-large wp-image-5415\" alt=\"\" srcset=\"https:\/\/echotangozulu.com\/wp-content\/uploads\/2023\/12\/STE6168-2-1024x682.jpg 1024w, https:\/\/echotangozulu.com\/wp-content\/uploads\/2023\/12\/STE6168-2-300x200.jpg 300w, https:\/\/echotangozulu.com\/wp-content\/uploads\/2023\/12\/STE6168-2-768x511.jpg 768w, https:\/\/echotangozulu.com\/wp-content\/uploads\/2023\/12\/STE6168-2-1536x1022.jpg 1536w, https:\/\/echotangozulu.com\/wp-content\/uploads\/2023\/12\/STE6168-2-18x12.jpg 18w, https:\/\/echotangozulu.com\/wp-content\/uploads\/2023\/12\/STE6168-2-600x399.jpg 600w, https:\/\/echotangozulu.com\/wp-content\/uploads\/2023\/12\/STE6168-2-90x60.jpg 90w, https:\/\/echotangozulu.com\/wp-content\/uploads\/2023\/12\/STE6168-2-135x90.jpg 135w, https:\/\/echotangozulu.com\/wp-content\/uploads\/2023\/12\/STE6168-2.jpg 1920w\" sizes=\"(max-width: 1024px) 100vw, 1024px\" \/>\t\t\t\t\t\t\t\t\t<div class=\"premium-banner-ib-desc\">\r\n\t\t\t\t\t\t\t\t\t<h2 class=\"premium-banner-ib-title premium_banner_title\">Werner<\/h2>\t\t\t\t\t\t\t\t\t\t\t\t<\/div>\r\n\t\t\t\t\t<\/div>\r\n\t\t\t\t\t\t<\/div>\n\t\t\t\t<\/div>\n\t\t\t\t\t<\/div>\n\t\t<\/div>\n\t\t\t\t<div class=\"elementor-column elementor-col-33 elementor-top-column elementor-element elementor-element-f7353c7\" data-id=\"f7353c7\" data-element_type=\"column\">\n\t\t\t<div class=\"elementor-widget-wrap elementor-element-populated\">\n\t\t\t\t\t\t<div class=\"elementor-element elementor-element-ed99e85 elementor-widget elementor-widget-premium-addon-banner\" data-id=\"ed99e85\" data-element_type=\"widget\" data-widget_type=\"premium-addon-banner.default\">\n\t\t\t\t<div class=\"elementor-widget-container\">\n\t\t\t\t\t<div class=\"premium-banner-ib premium-banner-min-height premium-banner-animation5 none\">\r\n\t\t\t\t\t\t\t\t\t\t<img decoding=\"async\" width=\"1920\" height=\"1278\" src=\"https:\/\/echotangozulu.com\/wp-content\/uploads\/2023\/12\/STE6173.jpg\" class=\"attachment-full size-full wp-image-5412\" alt=\"\" srcset=\"https:\/\/echotangozulu.com\/wp-content\/uploads\/2023\/12\/STE6173.jpg 1920w, https:\/\/echotangozulu.com\/wp-content\/uploads\/2023\/12\/STE6173-300x200.jpg 300w, https:\/\/echotangozulu.com\/wp-content\/uploads\/2023\/12\/STE6173-1024x682.jpg 1024w, https:\/\/echotangozulu.com\/wp-content\/uploads\/2023\/12\/STE6173-768x511.jpg 768w, https:\/\/echotangozulu.com\/wp-content\/uploads\/2023\/12\/STE6173-1536x1022.jpg 1536w, https:\/\/echotangozulu.com\/wp-content\/uploads\/2023\/12\/STE6173-18x12.jpg 18w, https:\/\/echotangozulu.com\/wp-content\/uploads\/2023\/12\/STE6173-600x399.jpg 600w, https:\/\/echotangozulu.com\/wp-content\/uploads\/2023\/12\/STE6173-90x60.jpg 90w, https:\/\/echotangozulu.com\/wp-content\/uploads\/2023\/12\/STE6173-135x90.jpg 135w\" sizes=\"(max-width: 1920px) 100vw, 1920px\" \/>\t\t\t\t\t\t\t\t\t<div class=\"premium-banner-ib-desc\">\r\n\t\t\t\t\t\t\t\t\t<h2 class=\"premium-banner-ib-title premium_banner_title\">Katharina<\/h2>\t\t\t\t\t\t\t\t\t\t\t\t<\/div>\r\n\t\t\t\t\t<\/div>\r\n\t\t\t\t\t\t<\/div>\n\t\t\t\t<\/div>\n\t\t\t\t\t<\/div>\n\t\t<\/div>\n\t\t\t\t<div class=\"elementor-column elementor-col-33 elementor-top-column elementor-element elementor-element-8564310\" data-id=\"8564310\" data-element_type=\"column\">\n\t\t\t<div class=\"elementor-widget-wrap elementor-element-populated\">\n\t\t\t\t\t\t<div class=\"elementor-element elementor-element-1e159295 elementor-widget elementor-widget-premium-addon-banner\" data-id=\"1e159295\" data-element_type=\"widget\" data-widget_type=\"premium-addon-banner.default\">\n\t\t\t\t<div class=\"elementor-widget-container\">\n\t\t\t\t\t<div class=\"premium-banner-ib premium-banner-min-height premium-banner-animation5 none\">\r\n\t\t\t\t\t\t\t\t\t\t<img decoding=\"async\" width=\"1024\" height=\"682\" src=\"https:\/\/echotangozulu.com\/wp-content\/uploads\/2023\/12\/STE6180-1024x682.jpg\" class=\"attachment-large size-large wp-image-5408\" alt=\"\" srcset=\"https:\/\/echotangozulu.com\/wp-content\/uploads\/2023\/12\/STE6180-1024x682.jpg 1024w, https:\/\/echotangozulu.com\/wp-content\/uploads\/2023\/12\/STE6180-300x200.jpg 300w, https:\/\/echotangozulu.com\/wp-content\/uploads\/2023\/12\/STE6180-768x511.jpg 768w, https:\/\/echotangozulu.com\/wp-content\/uploads\/2023\/12\/STE6180-1536x1022.jpg 1536w, https:\/\/echotangozulu.com\/wp-content\/uploads\/2023\/12\/STE6180-18x12.jpg 18w, https:\/\/echotangozulu.com\/wp-content\/uploads\/2023\/12\/STE6180-600x399.jpg 600w, https:\/\/echotangozulu.com\/wp-content\/uploads\/2023\/12\/STE6180-90x60.jpg 90w, https:\/\/echotangozulu.com\/wp-content\/uploads\/2023\/12\/STE6180-135x90.jpg 135w, https:\/\/echotangozulu.com\/wp-content\/uploads\/2023\/12\/STE6180.jpg 1920w\" sizes=\"(max-width: 1024px) 100vw, 1024px\" \/>\t\t\t\t\t\t\t\t\t<div class=\"premium-banner-ib-desc\">\r\n\t\t\t\t\t\t\t\t\t<h2 class=\"premium-banner-ib-title premium_banner_title\">Christian<\/h2>\t\t\t\t\t\t\t\t\t\t\t\t<\/div>\r\n\t\t\t\t\t<\/div>\r\n\t\t\t\t\t\t<\/div>\n\t\t\t\t<\/div>\n\t\t\t\t\t<\/div>\n\t\t<\/div>\n\t\t\t\t\t<\/div>\n\t\t<\/section>\n\t\t\t\t<section class=\"elementor-section elementor-top-section elementor-element elementor-element-345c4c5 elementor-section-content-top elementor-section-boxed elementor-section-height-default elementor-section-height-default\" data-id=\"345c4c5\" data-element_type=\"section\">\n\t\t\t\t\t\t<div class=\"elementor-container elementor-column-gap-wide\">\n\t\t\t\t\t<div class=\"elementor-column elementor-col-33 elementor-top-column elementor-element elementor-element-f08af0c\" data-id=\"f08af0c\" data-element_type=\"column\">\n\t\t\t<div class=\"elementor-widget-wrap elementor-element-populated\">\n\t\t\t\t\t\t<div class=\"elementor-element elementor-element-76b3b4b elementor-widget elementor-widget-premium-addon-banner\" data-id=\"76b3b4b\" data-element_type=\"widget\" data-widget_type=\"premium-addon-banner.default\">\n\t\t\t\t<div class=\"elementor-widget-container\">\n\t\t\t\t\t<div class=\"premium-banner-ib premium-banner-min-height premium-banner-animation5 none\">\r\n\t\t\t\t\t\t\t\t\t\t<img loading=\"lazy\" decoding=\"async\" width=\"1536\" height=\"1022\" src=\"https:\/\/echotangozulu.com\/wp-content\/uploads\/2023\/12\/STE6171-1536x1022.jpg\" class=\"attachment-1536x1536 size-1536x1536 wp-image-5411\" alt=\"\" srcset=\"https:\/\/echotangozulu.com\/wp-content\/uploads\/2023\/12\/STE6171-1536x1022.jpg 1536w, https:\/\/echotangozulu.com\/wp-content\/uploads\/2023\/12\/STE6171-300x200.jpg 300w, https:\/\/echotangozulu.com\/wp-content\/uploads\/2023\/12\/STE6171-1024x682.jpg 1024w, https:\/\/echotangozulu.com\/wp-content\/uploads\/2023\/12\/STE6171-768x511.jpg 768w, https:\/\/echotangozulu.com\/wp-content\/uploads\/2023\/12\/STE6171-18x12.jpg 18w, https:\/\/echotangozulu.com\/wp-content\/uploads\/2023\/12\/STE6171-600x399.jpg 600w, https:\/\/echotangozulu.com\/wp-content\/uploads\/2023\/12\/STE6171-90x60.jpg 90w, https:\/\/echotangozulu.com\/wp-content\/uploads\/2023\/12\/STE6171-135x90.jpg 135w, https:\/\/echotangozulu.com\/wp-content\/uploads\/2023\/12\/STE6171.jpg 1920w\" sizes=\"(max-width: 1536px) 100vw, 1536px\" \/>\t\t\t\t\t\t\t\t\t<div class=\"premium-banner-ib-desc\">\r\n\t\t\t\t\t\t\t\t\t<h2 class=\"premium-banner-ib-title premium_banner_title\">Phillip<\/h2>\t\t\t\t\t\t\t\t\t\t\t\t<\/div>\r\n\t\t\t\t\t<\/div>\r\n\t\t\t\t\t\t<\/div>\n\t\t\t\t<\/div>\n\t\t\t\t\t<\/div>\n\t\t<\/div>\n\t\t\t\t<div class=\"elementor-column elementor-col-33 elementor-top-column elementor-element elementor-element-a03aff7\" data-id=\"a03aff7\" data-element_type=\"column\">\n\t\t\t<div class=\"elementor-widget-wrap elementor-element-populated\">\n\t\t\t\t\t\t<div class=\"elementor-element elementor-element-9e5a05a elementor-widget elementor-widget-premium-addon-banner\" data-id=\"9e5a05a\" data-element_type=\"widget\" data-widget_type=\"premium-addon-banner.default\">\n\t\t\t\t<div class=\"elementor-widget-container\">\n\t\t\t\t\t<div class=\"premium-banner-ib premium-banner-min-height premium-banner-animation5 none\">\r\n\t\t\t\t\t\t\t\t\t\t<img decoding=\"async\" src=\"https:\/\/echotangozulu.com\/wp-content\/uploads\/2023\/12\/STE6196.jpg\" title=\"Stefan\" alt=\"Stefan\" loading=\"lazy\" \/>\t\t\t\t\t\t\t\t\t<div class=\"premium-banner-ib-desc\">\r\n\t\t\t\t\t\t\t\t\t<h2 class=\"premium-banner-ib-title premium_banner_title\">Stefan<\/h2>\t\t\t\t\t\t\t\t\t\t\t\t<\/div>\r\n\t\t\t\t\t<\/div>\r\n\t\t\t\t\t\t<\/div>\n\t\t\t\t<\/div>\n\t\t\t\t\t<\/div>\n\t\t<\/div>\n\t\t\t\t<div class=\"elementor-column elementor-col-33 elementor-top-column elementor-element elementor-element-03f1467\" data-id=\"03f1467\" data-element_type=\"column\">\n\t\t\t<div class=\"elementor-widget-wrap elementor-element-populated\">\n\t\t\t\t\t\t<div class=\"elementor-element elementor-element-afebf06 elementor-widget elementor-widget-premium-addon-banner\" data-id=\"afebf06\" data-element_type=\"widget\" data-widget_type=\"premium-addon-banner.default\">\n\t\t\t\t<div class=\"elementor-widget-container\">\n\t\t\t\t\t<div class=\"premium-banner-ib premium-banner-min-height premium-banner-animation5 none\">\r\n\t\t\t\t\t\t\t\t\t\t<img loading=\"lazy\" decoding=\"async\" width=\"1536\" height=\"1022\" src=\"https:\/\/echotangozulu.com\/wp-content\/uploads\/2023\/12\/STE6177-1536x1022.jpg\" class=\"attachment-1536x1536 size-1536x1536 wp-image-5414\" alt=\"\" srcset=\"https:\/\/echotangozulu.com\/wp-content\/uploads\/2023\/12\/STE6177-1536x1022.jpg 1536w, https:\/\/echotangozulu.com\/wp-content\/uploads\/2023\/12\/STE6177-300x200.jpg 300w, https:\/\/echotangozulu.com\/wp-content\/uploads\/2023\/12\/STE6177-1024x682.jpg 1024w, https:\/\/echotangozulu.com\/wp-content\/uploads\/2023\/12\/STE6177-768x511.jpg 768w, https:\/\/echotangozulu.com\/wp-content\/uploads\/2023\/12\/STE6177-18x12.jpg 18w, https:\/\/echotangozulu.com\/wp-content\/uploads\/2023\/12\/STE6177-600x399.jpg 600w, https:\/\/echotangozulu.com\/wp-content\/uploads\/2023\/12\/STE6177-90x60.jpg 90w, https:\/\/echotangozulu.com\/wp-content\/uploads\/2023\/12\/STE6177-135x90.jpg 135w, https:\/\/echotangozulu.com\/wp-content\/uploads\/2023\/12\/STE6177.jpg 1920w\" sizes=\"(max-width: 1536px) 100vw, 1536px\" \/>\t\t\t\t\t\t\t\t\t<div class=\"premium-banner-ib-desc\">\r\n\t\t\t\t\t\t\t\t\t<h2 class=\"premium-banner-ib-title premium_banner_title\">Karin<\/h2>\t\t\t\t\t\t\t\t\t\t\t\t<\/div>\r\n\t\t\t\t\t<\/div>\r\n\t\t\t\t\t\t<\/div>\n\t\t\t\t<\/div>\n\t\t\t\t\t<\/div>\n\t\t<\/div>\n\t\t\t\t\t<\/div>\n\t\t<\/section>\n\t\t\t\t<section class=\"elementor-section elementor-top-section elementor-element elementor-element-fd77978 elementor-section-boxed elementor-section-height-default elementor-section-height-default\" data-id=\"fd77978\" data-element_type=\"section\">\n\t\t\t\t\t\t<div class=\"elementor-container elementor-column-gap-default\">\n\t\t\t\t\t<div class=\"elementor-column elementor-col-100 elementor-top-column elementor-element elementor-element-a2c2429\" data-id=\"a2c2429\" data-element_type=\"column\">\n\t\t\t<div class=\"elementor-widget-wrap\">\n\t\t\t\t\t\t\t<\/div>\n\t\t<\/div>\n\t\t\t\t\t<\/div>\n\t\t<\/section>\n\t\t\t\t<\/div>","protected":false},"excerpt":{"rendered":"<p>Das Team EchoTangoZulu ist unser Instrument um Primal Leadership\u00a0in die Welt zu tragen. Es erf\u00fcllt uns zu sehen, wie sich unsere Kunden weiterentwickeln, wachsen, Erfolge feiern und ihr Potential sch\u00f6pfen. Daf\u00fcr investieren wir 100% positive Energie in jedes Training. Unser Team ist so divers wie unsere Kunden. Wir integrieren die individuellen St\u00e4rken zu einem einzigartigen &hellip;<\/p>\n<p class=\"read-more\"> <a class=\"\" href=\"https:\/\/echotangozulu.com\/en\/about\/\"> <span class=\"screen-reader-text\">Team<\/span> Read More &raquo;<\/a><\/p>","protected":false},"author":2,"featured_media":0,"parent":0,"menu_order":0,"comment_status":"closed","ping_status":"closed","template":"","meta":{"site-sidebar-layout":"no-sidebar","site-content-layout":"page-builder","ast-site-content-layout":"","site-content-style":"default","site-sidebar-style":"default","ast-global-header-display":"","ast-banner-title-visibility":"","ast-main-header-display":"","ast-hfb-above-header-display":"","ast-hfb-below-header-display":"","ast-hfb-mobile-header-display":"","site-post-title":"disabled","ast-breadcrumbs-content":"","ast-featured-img":"disabled","footer-sml-layout":"","theme-transparent-header-meta":"enabled","adv-header-id-meta":"","stick-header-meta":"","header-above-stick-meta":"","header-main-stick-meta":"","header-below-stick-meta":"","astra-migrate-meta-layouts":"","ast-page-background-enabled":"default","ast-page-background-meta":{"desktop":{"background-color":"","background-image":"","background-repeat":"repeat","background-position":"center center","background-size":"auto","background-attachment":"scroll","background-type":"","background-media":"","overlay-type":"","overlay-color":"","overlay-gradient":""},"tablet":{"background-color":"","background-image":"","background-repeat":"repeat","background-position":"center center","background-size":"auto","background-attachment":"scroll","background-type":"","background-media":"","overlay-type":"","overlay-color":"","overlay-gradient":""},"mobile":{"background-color":"","background-image":"","background-repeat":"repeat","background-position":"center center","background-size":"auto","background-attachment":"scroll","background-type":"","background-media":"","overlay-type":"","overlay-color":"","overlay-gradient":""}},"ast-content-background-meta":{"desktop":{"background-color":"var(--ast-global-color-5)","background-image":"","background-repeat":"repeat","background-position":"center center","background-size":"auto","background-attachment":"scroll","background-type":"","background-media":"","overlay-type":"","overlay-color":"","overlay-gradient":""},"tablet":{"background-color":"var(--ast-global-color-5)","background-image":"","background-repeat":"repeat","background-position":"center center","background-size":"auto","background-attachment":"scroll","background-type":"","background-media":"","overlay-type":"","overlay-color":"","overlay-gradient":""},"mobile":{"background-color":"var(--ast-global-color-5)","background-image":"","background-repeat":"repeat","background-position":"center center","background-size":"auto","background-attachment":"scroll","background-type":"","background-media":"","overlay-type":"","overlay-color":"","overlay-gradient":""}},"footnotes":""},"class_list":["post-12","page","type-page","status-publish","hentry"],"_links":{"self":[{"href":"https:\/\/echotangozulu.com\/en\/wp-json\/wp\/v2\/pages\/12","targetHints":{"allow":["GET"]}}],"collection":[{"href":"https:\/\/echotangozulu.com\/en\/wp-json\/wp\/v2\/pages"}],"about":[{"href":"https:\/\/echotangozulu.com\/en\/wp-json\/wp\/v2\/types\/page"}],"author":[{"embeddable":true,"href":"https:\/\/echotangozulu.com\/en\/wp-json\/wp\/v2\/users\/2"}],"replies":[{"embeddable":true,"href":"https:\/\/echotangozulu.com\/en\/wp-json\/wp\/v2\/comments?post=12"}],"version-history":[{"count":7,"href":"https:\/\/echotangozulu.com\/en\/wp-json\/wp\/v2\/pages\/12\/revisions"}],"predecessor-version":[{"id":5422,"href":"https:\/\/echotangozulu.com\/en\/wp-json\/wp\/v2\/pages\/12\/revisions\/5422"}],"wp:attachment":[{"href":"https:\/\/echotangozulu.com\/en\/wp-json\/wp\/v2\/media?parent=12"}],"curies":[{"name":"wp","href":"https:\/\/api.w.org\/{rel}","templated":true}]}}